{"id":55,"date":"2020-09-27T16:24:13","date_gmt":"2020-09-27T14:24:13","guid":{"rendered":"http:\/\/safeint.com\/?page_id=55"},"modified":"2024-12-11T13:14:58","modified_gmt":"2024-12-11T12:14:58","slug":"biologiske-indikatorer","status":"publish","type":"page","link":"https:\/\/safeint.com\/en_uk\/biologiske-indikatorer\/","title":{"rendered":"Biological indicators"},"content":{"rendered":"<h2 class=\"wp-block-heading has-medium-font-size\">Overview<\/h2>\n\n\n\n<p>De biologiske indikatorer, der leveres af Safe Sterilization A\/S, er designet til kontrol og validering af sterilisationsprocesser.<\/p>\n\n\n\n<p>Moist heat sterilization (autoclaving) is carried out by use of dry saturated steam under pressure. In order to kill microorganisms, including bacterial spores, a temperature of at least 121\u00b0C is required for 15 minutes or 134\u00b0C for 3 minutes or equivalent combination of temperature and time, to achieve the specified kill effect.<\/p>\n\n\n\n<p>Sterilization with dry heat (dry heat sterilisation) takes place in a dry sterilizer requiring effective circulation of the hot air. It requires higher temperature and longer time to dry heat sterilize than to sterilize in an autoclave. This is due to dry air has significantly lower heat capacity and a poorer thermal conductivity than dry saturated steam as in an autoclave.<\/p>\n\n\n\n<p>Killing off microorganisms, including bacterial spores, is achieved in dry sterilisation by a minimum requirement of temperature against cycle time: 160\u00b0C for 2 hours, 170\u00b0C for 1 hour, or 180\u00b0C for 30 minutes, or equivalent combination in order to achieve the specified kill effect.\nIt is important to measure the sterilization time from the moment the specified temperature is achieved in the autoclave\/dry sterilizer.<\/p>\n\n\n\n<h2 class=\"wp-block-heading has-medium-font-size\">Product description<\/h2>\n\n\n\n<p>The biological indicators have been manufactured in accordance with DS\/EN ISO 11138-1, 11138-3 and DS\/EN ISO 11138-4. SAFE Sterilization has selected a combined indicator to be used for sterilization with steam as well as dry heat.<\/p>\n\n\n\n<p>The bacterial spores come from strains of standardized microorganisms from, for example, ATTC (American Type Culture Collection) or NRRL (ARS Culture Collection).<\/p>\n\n\n\n<p>The biological indicators used to test steam sterilisation (autoclaves) are with bacterial spores from <em>Geobacillus stearothermophilus,<\/em>and to test dry heat (dry sterilizers), bacterial spores from <em>Bacillus atrophaeus.<\/em>. Disse bakteriesporer har stor resistens (D-v\u00e6rdi) over for den specifikke sterilisationsmetode, og er derfor egnet til periodisk kontrol og validering af disse sterilisationsprocesser.<\/p>\n\n\n\n<h2 class=\"wp-block-heading has-medium-font-size\">Use<\/h2>\n\n\n\n<p>Biological indicators are used for periodic verification of sterilization processes<\/p>\n\n\n\n<p>The biological indicators are also used for validations, post-repair verification, as well as for verifying sterilization processes of temporary equipment.<\/p>\n\n\n\n<p>Testinterval for brug af biologiske indikatorer er angivet i branchestandarder, Nationale Infektionshygiejniske Retningslinjer (NIR), samt som guidelines hos brancheorganisationer.<\/p>\n\n\n\n<p>Please refer to our <a href=\"http:\/\/safeint.com\/en_uk\/brugsanvisning-for-brug-af-biologiske-indikatorer\/\" data-type=\"page\" data-id=\"249\">User guide<\/a> and <a href=\"https:\/\/safeint.com\/en_uk\/anbefalinger-til-sundhedssektoren\/\" data-type=\"page\">Recommendations for the healthcare sector<\/a> on our website, Danish industry only.<\/p>\n\n\n\n<h2 class=\"wp-block-heading has-medium-font-size\">Validation<\/h2>\n\n\n\n<p>Du skal altid anvende en valideret autoklave eller t\u00f8rsterilisator til sterilisation af udstyr, som benyttes p\u00e5 patienter.<\/p>\n\n\n\n<h2 class=\"wp-block-heading has-medium-font-size\">Storage, durability and disposal<\/h2>\n\n\n\n<p>Biological indicators should be stored at 2-24\u00b0C, dry and protected from direct sunlight.<\/p>\n\n\n\n<p>Expiration date is indicated on the biological indicator. Never use an expired biological indicator.<\/p>\n\n\n\n<p>Unused biological indicators must be sterilized and can be discarded as ordinary waste. If the biological indicators are not sterilized, you must dispose of them as clinical hazardous waste.<\/p>\n\n\n\n<h2 class=\"wp-block-heading has-medium-font-size\">Subscription<\/h2>\n\n\n\n<p>Safe Sterilization offers subscription plans, <a href=\"http:\/\/safeint.com\/en_uk\/kontakt\/\" data-type=\"page\" data-id=\"35\">contact us<\/a> for more information.<\/p>\n\n\n\n<p>Biological indicators are also sold individually, e.g. for the validation of equipment, additional checks after repairing the sterilizer or when using a loan sterilizer. Contact Safe to learn more.<\/p>\n\n\n<h3><strong><span style=\"color: #004990;\">Vi benytter os af produkter fra:<\/span><\/strong><\/h3>\n\n\n<p>Steris Corp<\/p>\n\n\n\n<p>5960 Heisley Road<br>Mentor. OH 44060-1838<br>USA<br><a rel=\"noreferrer noopener\" href=\"https:\/\/www.steris.com\/\" data-type=\"URL\" data-id=\"https:\/\/www.steris.com\/\" target=\"_blank\">www.steris.com<\/a><\/p>","protected":false},"excerpt":{"rendered":"<p>Generelt De biologiske indikatorer, der leveres af Safe Sterilization A\/S, er designet til kontrol og validering af sterilisationsprocesser. Dampsterilisation (autoklavering) foreg\u00e5r med t\u00f8r m\u00e6ttet vanddamp under tryk. For at dr\u00e6be mikroorganismer, herunder bakteriesporer, kr\u00e6ves en temperatur p\u00e5 minimum 121\u00b0C i 15 minutter eller 134\u00b0C i 3 minutter eller tilsvarende kombination af temperatur og tid. Sterilisation [&hellip;]<\/p>\n","protected":false},"author":6,"featured_media":417,"parent":0,"menu_order":0,"comment_status":"closed","ping_status":"closed","template":"","meta":{"footnotes":""},"class_list":["post-55","page","type-page","status-publish","has-post-thumbnail","hentry"],"yoast_head":"<!-- This site is optimized with the Yoast SEO plugin v27.4 - https:\/\/yoast.com\/product\/yoast-seo-wordpress\/ -->\n<title>Biologiske indikatorer beskrivelse - Safe Sterilization<\/title>\n<meta name=\"description\" content=\"De biologiske indikatorer, der leveres af Safe Sterilization ApS er designet til kontrol og validering af sterilisationsprocesser.\" \/>\n<meta name=\"robots\" content=\"index, follow, max-snippet:-1, max-image-preview:large, max-video-preview:-1\" \/>\n<link rel=\"canonical\" href=\"https:\/\/safeint.com\/en_uk\/biologiske-indikatorer\/\" \/>\n<meta property=\"og:locale\" content=\"en_GB\" \/>\n<meta property=\"og:type\" content=\"article\" \/>\n<meta property=\"og:title\" content=\"Biologiske indikatorer beskrivelse - Safe Sterilization\" \/>\n<meta property=\"og:description\" content=\"De biologiske indikatorer, der leveres af Safe Sterilization ApS er designet til kontrol og validering af sterilisationsprocesser.\" \/>\n<meta property=\"og:url\" content=\"https:\/\/safeint.com\/en_uk\/biologiske-indikatorer\/\" \/>\n<meta property=\"og:site_name\" content=\"Safe Sterilization\" \/>\n<meta property=\"article:modified_time\" content=\"2024-12-11T12:14:58+00:00\" \/>\n<meta property=\"og:image\" content=\"https:\/\/safeint.com\/wp-content\/uploads\/2020\/11\/safe_biologiske_indikatorer.jpg\" \/>\n\t<meta property=\"og:image:width\" content=\"2560\" \/>\n\t<meta property=\"og:image:height\" content=\"533\" \/>\n\t<meta property=\"og:image:type\" content=\"image\/jpeg\" \/>\n<meta name=\"twitter:card\" content=\"summary_large_image\" \/>\n<meta name=\"twitter:label1\" content=\"Estimated reading time\" \/>\n\t<meta name=\"twitter:data1\" content=\"3 minutes\" \/>\n<script type=\"application\/ld+json\" class=\"yoast-schema-graph\">{\"@context\":\"https:\\\/\\\/schema.org\",\"@graph\":[{\"@type\":\"WebPage\",\"@id\":\"https:\\\/\\\/safeint.com\\\/biologiske-indikatorer\\\/\",\"url\":\"https:\\\/\\\/safeint.com\\\/biologiske-indikatorer\\\/\",\"name\":\"Biologiske indikatorer beskrivelse - Safe Sterilization\",\"isPartOf\":{\"@id\":\"http:\\\/\\\/safeint.com\\\/en\\\/#website\"},\"primaryImageOfPage\":{\"@id\":\"https:\\\/\\\/safeint.com\\\/biologiske-indikatorer\\\/#primaryimage\"},\"image\":{\"@id\":\"https:\\\/\\\/safeint.com\\\/biologiske-indikatorer\\\/#primaryimage\"},\"thumbnailUrl\":\"https:\\\/\\\/safeint.com\\\/wp-content\\\/uploads\\\/2020\\\/11\\\/safe_biologiske_indikatorer.jpg\",\"datePublished\":\"2020-09-27T14:24:13+00:00\",\"dateModified\":\"2024-12-11T12:14:58+00:00\",\"description\":\"De biologiske indikatorer, der leveres af Safe Sterilization ApS er designet til kontrol og validering af sterilisationsprocesser.\",\"breadcrumb\":{\"@id\":\"https:\\\/\\\/safeint.com\\\/biologiske-indikatorer\\\/#breadcrumb\"},\"inLanguage\":\"en-GB\",\"potentialAction\":[{\"@type\":\"ReadAction\",\"target\":[\"https:\\\/\\\/safeint.com\\\/biologiske-indikatorer\\\/\"]}]},{\"@type\":\"ImageObject\",\"inLanguage\":\"en-GB\",\"@id\":\"https:\\\/\\\/safeint.com\\\/biologiske-indikatorer\\\/#primaryimage\",\"url\":\"https:\\\/\\\/safeint.com\\\/wp-content\\\/uploads\\\/2020\\\/11\\\/safe_biologiske_indikatorer.jpg\",\"contentUrl\":\"https:\\\/\\\/safeint.com\\\/wp-content\\\/uploads\\\/2020\\\/11\\\/safe_biologiske_indikatorer.jpg\",\"width\":2560,\"height\":533,\"caption\":\"Tre, liggende Sporadi Biologiske indikatorer (massiv, gr\u00e5 baggrund) 1\"},{\"@type\":\"BreadcrumbList\",\"@id\":\"https:\\\/\\\/safeint.com\\\/biologiske-indikatorer\\\/#breadcrumb\",\"itemListElement\":[{\"@type\":\"ListItem\",\"position\":1,\"name\":\"Hjem\",\"item\":\"https:\\\/\\\/safeint.com\\\/\"},{\"@type\":\"ListItem\",\"position\":2,\"name\":\"Biologiske indikatorer\"}]},{\"@type\":\"WebSite\",\"@id\":\"http:\\\/\\\/safeint.com\\\/en\\\/#website\",\"url\":\"http:\\\/\\\/safeint.com\\\/en\\\/\",\"name\":\"Safe Sterilization\",\"description\":\"Safe Sterilization\",\"potentialAction\":[{\"@type\":\"SearchAction\",\"target\":{\"@type\":\"EntryPoint\",\"urlTemplate\":\"http:\\\/\\\/safeint.com\\\/en\\\/?s={search_term_string}\"},\"query-input\":{\"@type\":\"PropertyValueSpecification\",\"valueRequired\":true,\"valueName\":\"search_term_string\"}}],\"inLanguage\":\"en-GB\"}]}<\/script>\n<!-- \/ Yoast SEO plugin. -->","yoast_head_json":{"title":"Biologiske indikatorer beskrivelse - Safe Sterilization","description":"De biologiske indikatorer, der leveres af Safe Sterilization ApS er designet til kontrol og validering af sterilisationsprocesser.","robots":{"index":"index","follow":"follow","max-snippet":"max-snippet:-1","max-image-preview":"max-image-preview:large","max-video-preview":"max-video-preview:-1"},"canonical":"https:\/\/safeint.com\/en_uk\/biologiske-indikatorer\/","og_locale":"en_GB","og_type":"article","og_title":"Biologiske indikatorer beskrivelse - Safe Sterilization","og_description":"De biologiske indikatorer, der leveres af Safe Sterilization ApS er designet til kontrol og validering af sterilisationsprocesser.","og_url":"https:\/\/safeint.com\/en_uk\/biologiske-indikatorer\/","og_site_name":"Safe Sterilization","article_modified_time":"2024-12-11T12:14:58+00:00","og_image":[{"width":2560,"height":533,"url":"https:\/\/safeint.com\/wp-content\/uploads\/2020\/11\/safe_biologiske_indikatorer.jpg","type":"image\/jpeg"}],"twitter_card":"summary_large_image","twitter_misc":{"Estimated reading time":"3 minutes"},"schema":{"@context":"https:\/\/schema.org","@graph":[{"@type":"WebPage","@id":"https:\/\/safeint.com\/biologiske-indikatorer\/","url":"https:\/\/safeint.com\/biologiske-indikatorer\/","name":"Biologiske indikatorer beskrivelse - Safe Sterilization","isPartOf":{"@id":"http:\/\/safeint.com\/en\/#website"},"primaryImageOfPage":{"@id":"https:\/\/safeint.com\/biologiske-indikatorer\/#primaryimage"},"image":{"@id":"https:\/\/safeint.com\/biologiske-indikatorer\/#primaryimage"},"thumbnailUrl":"https:\/\/safeint.com\/wp-content\/uploads\/2020\/11\/safe_biologiske_indikatorer.jpg","datePublished":"2020-09-27T14:24:13+00:00","dateModified":"2024-12-11T12:14:58+00:00","description":"De biologiske indikatorer, der leveres af Safe Sterilization ApS er designet til kontrol og validering af sterilisationsprocesser.","breadcrumb":{"@id":"https:\/\/safeint.com\/biologiske-indikatorer\/#breadcrumb"},"inLanguage":"en-GB","potentialAction":[{"@type":"ReadAction","target":["https:\/\/safeint.com\/biologiske-indikatorer\/"]}]},{"@type":"ImageObject","inLanguage":"en-GB","@id":"https:\/\/safeint.com\/biologiske-indikatorer\/#primaryimage","url":"https:\/\/safeint.com\/wp-content\/uploads\/2020\/11\/safe_biologiske_indikatorer.jpg","contentUrl":"https:\/\/safeint.com\/wp-content\/uploads\/2020\/11\/safe_biologiske_indikatorer.jpg","width":2560,"height":533,"caption":"Tre, liggende Sporadi Biologiske indikatorer (massiv, gr\u00e5 baggrund) 1"},{"@type":"BreadcrumbList","@id":"https:\/\/safeint.com\/biologiske-indikatorer\/#breadcrumb","itemListElement":[{"@type":"ListItem","position":1,"name":"Hjem","item":"https:\/\/safeint.com\/"},{"@type":"ListItem","position":2,"name":"Biologiske indikatorer"}]},{"@type":"WebSite","@id":"http:\/\/safeint.com\/en\/#website","url":"http:\/\/safeint.com\/en\/","name":"Safe Sterilization","description":"Safe Sterilization","potentialAction":[{"@type":"SearchAction","target":{"@type":"EntryPoint","urlTemplate":"http:\/\/safeint.com\/en\/?s={search_term_string}"},"query-input":{"@type":"PropertyValueSpecification","valueRequired":true,"valueName":"search_term_string"}}],"inLanguage":"en-GB"}]}},"_links":{"self":[{"href":"https:\/\/safeint.com\/en_uk\/wp-json\/wp\/v2\/pages\/55","targetHints":{"allow":["GET"]}}],"collection":[{"href":"https:\/\/safeint.com\/en_uk\/wp-json\/wp\/v2\/pages"}],"about":[{"href":"https:\/\/safeint.com\/en_uk\/wp-json\/wp\/v2\/types\/page"}],"author":[{"embeddable":true,"href":"https:\/\/safeint.com\/en_uk\/wp-json\/wp\/v2\/users\/6"}],"replies":[{"embeddable":true,"href":"https:\/\/safeint.com\/en_uk\/wp-json\/wp\/v2\/comments?post=55"}],"version-history":[{"count":39,"href":"https:\/\/safeint.com\/en_uk\/wp-json\/wp\/v2\/pages\/55\/revisions"}],"predecessor-version":[{"id":1115,"href":"https:\/\/safeint.com\/en_uk\/wp-json\/wp\/v2\/pages\/55\/revisions\/1115"}],"wp:featuredmedia":[{"embeddable":true,"href":"https:\/\/safeint.com\/en_uk\/wp-json\/wp\/v2\/media\/417"}],"wp:attachment":[{"href":"https:\/\/safeint.com\/en_uk\/wp-json\/wp\/v2\/media?parent=55"}],"curies":[{"name":"wp","href":"https:\/\/api.w.org\/{rel}","templated":true}]}}