{"id":37,"date":"2020-09-24T20:08:42","date_gmt":"2020-09-24T18:08:42","guid":{"rendered":"http:\/\/safeint.com\/?page_id=37"},"modified":"2024-12-11T13:23:13","modified_gmt":"2024-12-11T12:23:13","slug":"faq","status":"publish","type":"page","link":"https:\/\/safeint.com\/en_uk\/faq\/","title":{"rendered":"FAQ"},"content":{"rendered":"<p><\/p>\n\n\n\n<div class=\"wp-block-columns is-layout-flex wp-container-core-columns-is-layout-9d6595d7 wp-block-columns-is-layout-flex\">\n<div class=\"wp-block-column is-layout-flow wp-block-column-is-layout-flow\">\n<h3 class=\"wp-block-heading has-text-color has-medium-font-size\" style=\"color:#004990\"><strong><strong><strong>Er Safe Sterilization A\/S ISO certificeret?<\/strong><\/strong><\/strong><\/h3>\n\n\n\n<p>Ja, Safe Sterilization A\/S blev certificeret i 2016 iht. DS\/EN ISO 9001:2015. I juni 2024 blev Safe Sterilization ApS certificeret iht. DS\/EN ISO 14001:2015. Begge certificeringer er gennemf\u00f8rt af DNV, og Safe Sterilization A\/S recertificeres \u00e9n gang \u00e5rligt.<\/p>\n<\/div>\n\n\n\n<div class=\"wp-block-column is-layout-flow wp-block-column-is-layout-flow\">\n<h3 class=\"wp-block-heading has-text-color has-medium-font-size\" style=\"color:#004990\"><strong><strong><strong>Hvordan skal de biologiske indikatorer placeres i autoklaven\/t\u00f8rsterilisatoren?<\/strong><\/strong><\/strong><\/h3>\n\n\n\n<p>The biological indicators are placed where it is most difficult for the steam to penetrate in the goods, and where the heat has the greatest difficulty at penetrating the goods in the dry sterilizer. <br>\nThe biological indicators are used in the sterilizer and can be placed in autoclave bags and cassettes (if used). The position of the biological indicators should be as close to everyday use as possible. Place the biological indicators in three different places in the autoclave\/dry sterilizer, e.g. top, middle, and bottom.<\/p>\n<\/div>\n<\/div>\n\n\n\n<div class=\"wp-block-columns is-layout-flex wp-container-core-columns-is-layout-9d6595d7 wp-block-columns-is-layout-flex\">\n<div class=\"wp-block-column is-layout-flow wp-block-column-is-layout-flow\">\n<h3 class=\"wp-block-heading has-text-color has-medium-font-size\" style=\"color:#004990\"><strong>Should I open the biological indicators?<\/strong><\/h3>\n\n\n\n<p>No, the construction of the biological indicators protects against contamination by foreign microorganisms. The resistance of biological indicators (D-value) are measured in manner as the biological indicators is delivered to our customers.<\/p>\n<\/div>\n\n\n\n<div class=\"wp-block-column is-layout-flow wp-block-column-is-layout-flow\">\n<h3 class=\"wp-block-heading has-text-color has-medium-font-size\" style=\"color:#004990\"><strong><strong><strong>I got a new autoclave\/dry sterilizer, should I write the new name on the labels on the biological indicators?<\/strong><\/strong><\/strong><\/h3>\n\n\n\n<p>Yes, when we receive the biological indicators from you, we update our database with the new equipment name\/ID. You will subsequently receive a certificate with the correct equipment name on the certificate.<\/p>\n<\/div>\n<\/div>\n\n\n\n<div class=\"wp-block-columns is-layout-flex wp-container-core-columns-is-layout-9d6595d7 wp-block-columns-is-layout-flex\">\n<div class=\"wp-block-column is-layout-flow wp-block-column-is-layout-flow\">\n<h3 class=\"wp-block-heading has-text-color has-medium-font-size\" style=\"color:#004990\"><strong><strong><strong>What is the process time for the most used sterilization methods?<\/strong><\/strong><\/strong><\/h3>\n\n\n\n<p class=\"has-text-align-left\">Steam sterilization: &nbsp;&nbsp;&nbsp;&nbsp;&nbsp; <\/p>\n\n\n\n<ul class=\"wp-block-list\">\n<li>121\u00b0C for a minimum of 15 min.<\/li>\n\n\n\n<li>134\u00b0C for a minimum of 3 min. &nbsp;&nbsp;&nbsp;&nbsp;&nbsp;&nbsp;&nbsp;&nbsp;&nbsp;&nbsp;&nbsp;&nbsp;&nbsp;&nbsp;<\/li>\n<\/ul>\n\n\n\n<p>Dry heat sterilization: &nbsp;&nbsp;&nbsp;&nbsp;&nbsp;&nbsp;&nbsp;&nbsp;<\/p>\n\n\n\n<ul class=\"wp-block-list\">\n<li>160\u00b0C for a minimum of 2 hours.<\/li>\n\n\n\n<li>170\u00b0C for a minimum of 1 hour.<\/li>\n\n\n\n<li>180\u00b0C for a minimum of 30 min.<\/li>\n<\/ul>\n\n\n\n<p>It is important that the sterilization time is counted from the time the specified temperature has been achieved in the sterilizer.<\/p>\n<\/div>\n\n\n\n<div class=\"wp-block-column is-layout-flow wp-block-column-is-layout-flow\">\n<h3 class=\"wp-block-heading has-text-color has-medium-font-size\" style=\"color:#004990\"><strong><strong><strong>What is the reason for my sterilizers process is not approved?<\/strong><\/strong><\/strong><\/h3>\n\n\n\n<ul class=\"wp-block-list\">\n<li>Did you remember to run the test before you returned the biological indicators?<\/li>\n\n\n\n<li>Has the autoclave\/dry sterilizer achieved the specified sterilization temperature?<\/li>\n\n\n\n<li>Is the specified sterilization time achieved? Remember, the process time is from the moment the autoclave\/dry sterilizer has reached the specified sterilization temperature.<\/li>\n\n\n\n<li>Were any errors or alarms triggered on the autoclave\/dry sterilizer during the run with the biological indicators? If so, consult the manual and\/or the supplier of the equipment.<\/li>\n<\/ul>\n<\/div>\n<\/div>\n\n\n\n<div class=\"wp-block-columns is-layout-flex wp-container-core-columns-is-layout-9d6595d7 wp-block-columns-is-layout-flex\">\n<div class=\"wp-block-column is-layout-flow wp-block-column-is-layout-flow\">\n<h3 class=\"wp-block-heading has-text-color has-medium-font-size\" style=\"color:#004990\"><strong><strong><strong>Our autoclave\/dry sterilizer is for repair, what should we do with the received biological indicators?<\/strong><\/strong><\/strong><\/h3>\n\n\n\n<p>We recommend you run the biological indicators in a borrowed autoclave\/dry sterilizer. This is in accordance with the Danish \u201cNationale infektionshygiejniske retningslinjer\u201d NIR, which contains recommendations regarding procedures and handling of medical devices. Consult your national guidelines as to ensure you and your sterilization processes are in accordance with relevant regulation. Correct the machine name on the labels and remember to note \u201cborrowed equipment\u201d.<\/p>\n\n\n\n<p>When your autoclave\/dry sterilizer returns from repair, the equipment must be tested with biological indicators before use, as per the NIR guidelines. Please consult your national guidelines to ensure you comply with relevant regulations.\nContact Safe Sterilization for purchase of additional biological indicators.<br><\/p>\n\n\n\n<p>Contact Safe Sterilization for purchase of additional biological indicators.<\/p>\n<\/div>\n\n\n\n<div class=\"wp-block-column is-layout-flow wp-block-column-is-layout-flow\">\n<h3 class=\"wp-block-heading has-text-color has-medium-font-size\" style=\"color:#004990\"><strong><strong><strong>Our test showed growth. Do we get a new test?<\/strong><\/strong><\/strong><\/h3>\n\n\n\n<p>Yes, if you join our subscription plan with tests every month, we send new biological indicators tests free of charge.<\/p>\n\n\n\n<p>For other types of subscription (for example, every 3 months), you receive a (one) set of new biological tests free of charge the first time. If further testing is required, extra tests must be ordered from Safe Sterilization. They will be sent, and you will receive a separate invoice.<\/p>\n\n\n\n<p>If you only test once a year, you are not covered by our subscription plan. Therefore, no new free of charge biological indicators are sent to you for re-test. If there is growth, you will be contacted by Safe Sterilization.<\/p>\n<\/div>\n<\/div>\n\n\n\n<div class=\"wp-block-columns is-layout-flex wp-container-core-columns-is-layout-9d6595d7 wp-block-columns-is-layout-flex\">\n<div class=\"wp-block-column is-layout-flow wp-block-column-is-layout-flow\">\n<h3 class=\"wp-block-heading has-text-color has-medium-font-size\" style=\"color:#004990\"><strong><strong><strong>We need extra biological indicators<\/strong><\/strong><\/strong><\/h3>\n\n\n\n<p>If the autoclave\/dry sterilizer has been repaired, had a shutdown, or you are using borrowed equipment or the biological indicators have been damaged, contact Safe Sterilization to receive new biological indicators.<\/p>\n\n\n\n<p>If you have a 12-month subscription plan, the additional biological indicators are included in the price. \nIf not, an additional set of biological indicators must be purchased.<\/p>\n<\/div>\n\n\n\n<div class=\"wp-block-column is-layout-flow wp-block-column-is-layout-flow\">\n<h3 class=\"wp-block-heading has-text-color has-medium-font-size\" style=\"color:#004990\"><strong><strong>How are we going to store our instruments and equipment after they have been sterilized?<\/strong><\/strong><\/h3>\n\n\n\n<p>Store your sterilized equipment and instruments in clean and closed cabinets and drawers protected from moisture, dust, sunlight, and temperature fluctuations. Before using instruments and equipment, make sure that the expiry date has not been exceeded and that the sterile packaging (autoclave bag) is not damaged or damp.<\/p>\n\n\n\n<p>In the Danish \u201cNationale infektionshygiejniske retningslinjer\u201d NIR, which contains recommendations regarding procedures and handling of medical devices, for dentists Appendix 1 (p. 59-60) a scoring system is described to help assess the durability of sterile packaged instruments. The giving times are only indicative. This appendix also applies to other industries.<br>NIR for tandl\u00e6ger kan findes <a href=\"https:\/\/hygiejne.ssi.dk\/NIRTandklinikker\">here<\/a>.<\/p>\n<\/div>\n<\/div>\n\n\n\n<div class=\"wp-block-columns is-layout-flex wp-container-core-columns-is-layout-9d6595d7 wp-block-columns-is-layout-flex\">\n<div class=\"wp-block-column is-layout-flow wp-block-column-is-layout-flow\">\n<h3 class=\"wp-block-heading has-text-color has-medium-font-size\" style=\"color:#004990\"><strong><strong>When can I expect to get an answer to my test?<\/strong><\/strong><\/h3>\n\n\n\n<p>Once we receive your biological indicators, they are immediately incubated, and the test result will be read after 4-7 days. Test results are sent as a certificate via email.<br>If you have chosen to receive the certificate by mail, you should expect 5-8 days delivery time.<\/p>\n<\/div>\n\n\n\n<div class=\"wp-block-column is-layout-flow wp-block-column-is-layout-flow\">\n<h3 class=\"wp-block-heading has-text-color has-medium-font-size\" style=\"color:#004990\"><strong><strong>Can I get my certificate by mail?<\/strong><\/strong><\/h3>\n\n\n\n<p>For an additional fee you can receive your certificate by mail.<\/p>\n<\/div>\n<\/div>\n\n\n\n<div class=\"wp-block-columns is-layout-flex wp-container-core-columns-is-layout-9d6595d7 wp-block-columns-is-layout-flex\">\n<div class=\"wp-block-column is-layout-flow wp-block-column-is-layout-flow\">\n<h3 class=\"wp-block-heading has-text-color has-medium-font-size\" style=\"color:#004990\"><strong><strong>I would like to present my certificates in the clinic. Does Safe have a picture frame for displaying the certificate?<\/strong><\/strong><\/h3>\n\n\n\n<p>Yes, we have. See products on the website <a href=\"http:\/\/safeint.com\/en_uk\/rammer-til-praesentation-af-certifikater\/\" data-type=\"page\" data-id=\"243\">here<\/a>.<\/p>\n<\/div>\n\n\n\n<div class=\"wp-block-column is-layout-flow wp-block-column-is-layout-flow\">\n<h3 class=\"wp-block-heading has-text-color has-medium-font-size\" style=\"color:#004990\"><strong><strong>How long should we save our certificates?<\/strong><\/strong><\/h3>\n\n\n\n<p>Consult your national standards for documentation as to how long you are required to store all paperwork. Should you misplace a certificate, Safe Sterilization can resend certificates upon request at a small fee.<\/p>\n<\/div>\n<\/div>\n\n\n\n<div class=\"wp-block-columns is-layout-flex wp-container-core-columns-is-layout-9d6595d7 wp-block-columns-is-layout-flex\">\n<div class=\"wp-block-column is-layout-flow wp-block-column-is-layout-flow\">\n<h3 class=\"wp-block-heading has-text-color has-medium-font-size\" style=\"color:#004990\"><strong><strong>How long does Safe Sterilization store test results?<\/strong><\/strong><\/h3>\n\n\n\n<p>We archive all test results for a minimum of 5 years.<\/p>\n<\/div>\n\n\n\n<div class=\"wp-block-column is-layout-flow wp-block-column-is-layout-flow\">\n<h3 class=\"wp-block-heading has-text-color has-medium-font-size\" style=\"color:#004990\"><strong><strong>I am a chiropodist; how often should I test the sterilization process in my autoclave\/dry sterilizer?<\/strong><\/strong><\/h3>\n\n\n\n<p>Quality checks should be carried out at regular intervals, for example every 3 months, and after repairing the sterilizer. If you have a temporary sterilizer it should also be tested. <br>\nConsult your national standards as to how often you are required to verify your equipment. \nRead more here: \nhttp:\/\/ipaper.fodterapeut.dk\/Brochurer\/hygiejnevejledninger\/rengoering -desinfektion-og-sterilisation-af-behandlingsinstrumenter-og-diagnosevaerktoejer\/?page=10<\/p>\n<\/div>\n<\/div>\n\n\n\n<div class=\"wp-block-columns is-layout-flex wp-container-core-columns-is-layout-9d6595d7 wp-block-columns-is-layout-flex\">\n<div class=\"wp-block-column is-layout-flow wp-block-column-is-layout-flow\" style=\"flex-basis:450px\">\n<h4 class=\"wp-block-heading has-text-color has-medium-font-size\" style=\"color:#004990\"><strong><strong>Can the chemical indicators for control of steam sterilization be divided into two units?<\/strong><\/strong><\/h4>\n\n\n\n<p>Yes, they are designed to be cut. There is an instruction on the box itself and an indication on the chemical indicator.<\/p>\n<\/div>\n<\/div>\n\n\n\n<div class=\"wp-block-columns is-layout-flex wp-container-core-columns-is-layout-9d6595d7 wp-block-columns-is-layout-flex\">\n<div class=\"wp-block-column is-layout-flow wp-block-column-is-layout-flow\">\n<h4 class=\"wp-block-heading has-text-color has-medium-font-size\" style=\"color:#004990\"><strong><strong><strong><strong>What should I do with the chemical indicators after reading the result?<\/strong><\/strong><\/strong><\/strong><\/h4>\n\n\n\n<p>We recommend you to store used chemical indicators for a minimum of 3 months as documentation for daily testing. Note the date of performed test and signature on the back of the test. Fill in results in your sterilizers logbook as per internal standard.&nbsp;&nbsp;&nbsp;&nbsp;&nbsp;&nbsp;&nbsp;&nbsp;&nbsp;&nbsp;&nbsp;&nbsp;&nbsp;<\/p>\n\n\n\n<p>The chemical indicators should be stored dark and cool, without direct exposure to sunlight.<\/p>\n<\/div>\n\n\n\n<div class=\"wp-block-column is-layout-flow wp-block-column-is-layout-flow\">\n<h4 class=\"wp-block-heading has-text-color has-medium-font-size\" style=\"color:#004990\"><strong>I received an invoice. What period does it cover?<\/strong><\/h4>\n\n\n\n<p>The subscription period is usually from the invoice date and 12 months onwards. If a subscription is cancelled during a subscription period, no refund will be given. <\/p>\n\n\n\n<p>A subscription can be changed when the subscription period ends unless it is an upgrade of the subscription. If you wish to change your subscription, please contact Safe in advance at to ensure the changes are in effect at the time of the new subscription period.<\/p>\n<\/div>\n<\/div>\n\n\n\n<div class=\"wp-block-columns is-layout-flex wp-container-core-columns-is-layout-9d6595d7 wp-block-columns-is-layout-flex\">\n<div class=\"wp-block-column is-layout-flow wp-block-column-is-layout-flow\"><\/div>\n\n\n\n<div class=\"wp-block-column is-layout-flow wp-block-column-is-layout-flow\"><\/div>\n<\/div>\n\n\n\n<div class=\"wp-block-columns is-layout-flex wp-container-core-columns-is-layout-9d6595d7 wp-block-columns-is-layout-flex\">\n<div class=\"wp-block-column is-layout-flow wp-block-column-is-layout-flow\"><\/div>\n\n\n\n<div class=\"wp-block-column is-layout-flow wp-block-column-is-layout-flow\"><\/div>\n<\/div>","protected":false},"excerpt":{"rendered":"<p>Er Safe Sterilization A\/S ISO certificeret? Ja, Safe Sterilization A\/S blev certificeret i 2016 iht. DS\/EN ISO 9001:2015. I juni 2024 blev Safe Sterilization ApS certificeret iht. DS\/EN ISO 14001:2015. Begge certificeringer er gennemf\u00f8rt af DNV, og Safe Sterilization A\/S recertificeres \u00e9n gang \u00e5rligt. Hvordan skal de biologiske indikatorer placeres i autoklaven\/t\u00f8rsterilisatoren? De biologiske indikatorer [&hellip;]<\/p>\n","protected":false},"author":6,"featured_media":405,"parent":0,"menu_order":0,"comment_status":"closed","ping_status":"closed","template":"","meta":{"footnotes":""},"class_list":["post-37","page","type-page","status-publish","has-post-thumbnail","hentry"],"yoast_head":"<!-- This site is optimized with the Yoast SEO plugin v27.4 - https:\/\/yoast.com\/product\/yoast-seo-wordpress\/ -->\n<title>FAQ - Safe Sterilization<\/title>\n<meta name=\"description\" content=\"S\u00e5fremt du har nogen sp\u00f8rgsm\u00e5l, kan du under vores FAQ finde svar p\u00e5 mange af de typisk stillede, vi i Safe Sterilization ApS modtager\" \/>\n<meta name=\"robots\" content=\"index, follow, max-snippet:-1, max-image-preview:large, max-video-preview:-1\" \/>\n<link rel=\"canonical\" href=\"https:\/\/safeint.com\/en_uk\/faq\/\" \/>\n<meta property=\"og:locale\" content=\"en_GB\" \/>\n<meta property=\"og:type\" content=\"article\" \/>\n<meta property=\"og:title\" content=\"FAQ - Safe Sterilization\" \/>\n<meta property=\"og:description\" content=\"S\u00e5fremt du har nogen sp\u00f8rgsm\u00e5l, kan du under vores FAQ finde svar p\u00e5 mange af de typisk stillede, vi i Safe Sterilization ApS modtager\" \/>\n<meta property=\"og:url\" content=\"https:\/\/safeint.com\/en_uk\/faq\/\" \/>\n<meta property=\"og:site_name\" content=\"Safe Sterilization\" \/>\n<meta property=\"article:modified_time\" content=\"2024-12-11T12:23:13+00:00\" \/>\n<meta property=\"og:image\" content=\"https:\/\/safeint.com\/wp-content\/uploads\/2020\/10\/safe_faq.jpg\" \/>\n\t<meta property=\"og:image:width\" content=\"2560\" \/>\n\t<meta property=\"og:image:height\" content=\"533\" \/>\n\t<meta property=\"og:image:type\" content=\"image\/jpeg\" \/>\n<meta name=\"twitter:card\" content=\"summary_large_image\" \/>\n<meta name=\"twitter:label1\" content=\"Estimated reading time\" \/>\n\t<meta name=\"twitter:data1\" content=\"6 minutes\" \/>\n<script type=\"application\/ld+json\" class=\"yoast-schema-graph\">{\"@context\":\"https:\\\/\\\/schema.org\",\"@graph\":[{\"@type\":\"WebPage\",\"@id\":\"https:\\\/\\\/safeint.com\\\/faq\\\/\",\"url\":\"https:\\\/\\\/safeint.com\\\/faq\\\/\",\"name\":\"FAQ - Safe Sterilization\",\"isPartOf\":{\"@id\":\"http:\\\/\\\/safeint.com\\\/en\\\/#website\"},\"primaryImageOfPage\":{\"@id\":\"https:\\\/\\\/safeint.com\\\/faq\\\/#primaryimage\"},\"image\":{\"@id\":\"https:\\\/\\\/safeint.com\\\/faq\\\/#primaryimage\"},\"thumbnailUrl\":\"https:\\\/\\\/safeint.com\\\/wp-content\\\/uploads\\\/2020\\\/10\\\/safe_faq.jpg\",\"datePublished\":\"2020-09-24T18:08:42+00:00\",\"dateModified\":\"2024-12-11T12:23:13+00:00\",\"description\":\"S\u00e5fremt du har nogen sp\u00f8rgsm\u00e5l, kan du under vores FAQ finde svar p\u00e5 mange af de typisk stillede, vi i Safe Sterilization ApS modtager\",\"breadcrumb\":{\"@id\":\"https:\\\/\\\/safeint.com\\\/faq\\\/#breadcrumb\"},\"inLanguage\":\"en-GB\",\"potentialAction\":[{\"@type\":\"ReadAction\",\"target\":[\"https:\\\/\\\/safeint.com\\\/faq\\\/\"]}]},{\"@type\":\"ImageObject\",\"inLanguage\":\"en-GB\",\"@id\":\"https:\\\/\\\/safeint.com\\\/faq\\\/#primaryimage\",\"url\":\"https:\\\/\\\/safeint.com\\\/wp-content\\\/uploads\\\/2020\\\/10\\\/safe_faq.jpg\",\"contentUrl\":\"https:\\\/\\\/safeint.com\\\/wp-content\\\/uploads\\\/2020\\\/10\\\/safe_faq.jpg\",\"width\":2560,\"height\":533,\"caption\":\"Safe Sterilization logo 4\"},{\"@type\":\"BreadcrumbList\",\"@id\":\"https:\\\/\\\/safeint.com\\\/faq\\\/#breadcrumb\",\"itemListElement\":[{\"@type\":\"ListItem\",\"position\":1,\"name\":\"Hjem\",\"item\":\"https:\\\/\\\/safeint.com\\\/\"},{\"@type\":\"ListItem\",\"position\":2,\"name\":\"FAQ\"}]},{\"@type\":\"WebSite\",\"@id\":\"http:\\\/\\\/safeint.com\\\/en\\\/#website\",\"url\":\"http:\\\/\\\/safeint.com\\\/en\\\/\",\"name\":\"Safe Sterilization\",\"description\":\"Safe Sterilization\",\"potentialAction\":[{\"@type\":\"SearchAction\",\"target\":{\"@type\":\"EntryPoint\",\"urlTemplate\":\"http:\\\/\\\/safeint.com\\\/en\\\/?s={search_term_string}\"},\"query-input\":{\"@type\":\"PropertyValueSpecification\",\"valueRequired\":true,\"valueName\":\"search_term_string\"}}],\"inLanguage\":\"en-GB\"}]}<\/script>\n<!-- \/ Yoast SEO plugin. -->","yoast_head_json":{"title":"FAQ - Safe Sterilization","description":"S\u00e5fremt du har nogen sp\u00f8rgsm\u00e5l, kan du under vores FAQ finde svar p\u00e5 mange af de typisk stillede, vi i Safe Sterilization ApS modtager","robots":{"index":"index","follow":"follow","max-snippet":"max-snippet:-1","max-image-preview":"max-image-preview:large","max-video-preview":"max-video-preview:-1"},"canonical":"https:\/\/safeint.com\/en_uk\/faq\/","og_locale":"en_GB","og_type":"article","og_title":"FAQ - Safe Sterilization","og_description":"S\u00e5fremt du har nogen sp\u00f8rgsm\u00e5l, kan du under vores FAQ finde svar p\u00e5 mange af de typisk stillede, vi i Safe Sterilization ApS modtager","og_url":"https:\/\/safeint.com\/en_uk\/faq\/","og_site_name":"Safe Sterilization","article_modified_time":"2024-12-11T12:23:13+00:00","og_image":[{"width":2560,"height":533,"url":"https:\/\/safeint.com\/wp-content\/uploads\/2020\/10\/safe_faq.jpg","type":"image\/jpeg"}],"twitter_card":"summary_large_image","twitter_misc":{"Estimated reading time":"6 minutes"},"schema":{"@context":"https:\/\/schema.org","@graph":[{"@type":"WebPage","@id":"https:\/\/safeint.com\/faq\/","url":"https:\/\/safeint.com\/faq\/","name":"FAQ - Safe Sterilization","isPartOf":{"@id":"http:\/\/safeint.com\/en\/#website"},"primaryImageOfPage":{"@id":"https:\/\/safeint.com\/faq\/#primaryimage"},"image":{"@id":"https:\/\/safeint.com\/faq\/#primaryimage"},"thumbnailUrl":"https:\/\/safeint.com\/wp-content\/uploads\/2020\/10\/safe_faq.jpg","datePublished":"2020-09-24T18:08:42+00:00","dateModified":"2024-12-11T12:23:13+00:00","description":"S\u00e5fremt du har nogen sp\u00f8rgsm\u00e5l, kan du under vores FAQ finde svar p\u00e5 mange af de typisk stillede, vi i Safe Sterilization ApS modtager","breadcrumb":{"@id":"https:\/\/safeint.com\/faq\/#breadcrumb"},"inLanguage":"en-GB","potentialAction":[{"@type":"ReadAction","target":["https:\/\/safeint.com\/faq\/"]}]},{"@type":"ImageObject","inLanguage":"en-GB","@id":"https:\/\/safeint.com\/faq\/#primaryimage","url":"https:\/\/safeint.com\/wp-content\/uploads\/2020\/10\/safe_faq.jpg","contentUrl":"https:\/\/safeint.com\/wp-content\/uploads\/2020\/10\/safe_faq.jpg","width":2560,"height":533,"caption":"Safe Sterilization logo 4"},{"@type":"BreadcrumbList","@id":"https:\/\/safeint.com\/faq\/#breadcrumb","itemListElement":[{"@type":"ListItem","position":1,"name":"Hjem","item":"https:\/\/safeint.com\/"},{"@type":"ListItem","position":2,"name":"FAQ"}]},{"@type":"WebSite","@id":"http:\/\/safeint.com\/en\/#website","url":"http:\/\/safeint.com\/en\/","name":"Safe Sterilization","description":"Safe Sterilization","potentialAction":[{"@type":"SearchAction","target":{"@type":"EntryPoint","urlTemplate":"http:\/\/safeint.com\/en\/?s={search_term_string}"},"query-input":{"@type":"PropertyValueSpecification","valueRequired":true,"valueName":"search_term_string"}}],"inLanguage":"en-GB"}]}},"_links":{"self":[{"href":"https:\/\/safeint.com\/en_uk\/wp-json\/wp\/v2\/pages\/37","targetHints":{"allow":["GET"]}}],"collection":[{"href":"https:\/\/safeint.com\/en_uk\/wp-json\/wp\/v2\/pages"}],"about":[{"href":"https:\/\/safeint.com\/en_uk\/wp-json\/wp\/v2\/types\/page"}],"author":[{"embeddable":true,"href":"https:\/\/safeint.com\/en_uk\/wp-json\/wp\/v2\/users\/6"}],"replies":[{"embeddable":true,"href":"https:\/\/safeint.com\/en_uk\/wp-json\/wp\/v2\/comments?post=37"}],"version-history":[{"count":67,"href":"https:\/\/safeint.com\/en_uk\/wp-json\/wp\/v2\/pages\/37\/revisions"}],"predecessor-version":[{"id":1117,"href":"https:\/\/safeint.com\/en_uk\/wp-json\/wp\/v2\/pages\/37\/revisions\/1117"}],"wp:featuredmedia":[{"embeddable":true,"href":"https:\/\/safeint.com\/en_uk\/wp-json\/wp\/v2\/media\/405"}],"wp:attachment":[{"href":"https:\/\/safeint.com\/en_uk\/wp-json\/wp\/v2\/media?parent=37"}],"curies":[{"name":"wp","href":"https:\/\/api.w.org\/{rel}","templated":true}]}}