{"id":232,"date":"2020-10-18T16:23:13","date_gmt":"2020-10-18T14:23:13","guid":{"rendered":"http:\/\/safeint.com\/?page_id=232"},"modified":"2023-09-11T09:35:03","modified_gmt":"2023-09-11T07:35:03","slug":"anbefalinger-til-sundhedssektoren-fra-safe-sterilization","status":"publish","type":"page","link":"https:\/\/safeint.com\/en_uk\/anbefalinger-til-sundhedssektoren-fra-safe-sterilization\/","title":{"rendered":"Recommendations for the healthcare sector"},"content":{"rendered":"<p class=\"has-normal-font-size\"><strong>Prevent infection risk: sterilization aims to prevent the spread of infection in both patients and clinic staff<\/strong><\/p>\n\n\n\n<h2 class=\"wp-block-heading\"><strong>NIR<\/strong><\/h2>\n\n\n\n<p>In Denmark, the Central Unit for Infectious Hygiene has developed national infectious guidelines also called NIR.<\/p>\n\n\n\n<p>The guidelines are aimed at the healthcare sector including general practitioners, dentists, private nurses and more.<\/p>\n\n\n\n<h2 class=\"wp-block-heading\"><strong>Recommendations<\/strong><\/h2>\n\n\n\n<p>NIR indeholder anbefalinger om procedurer og h\u00e5ndtering af medicinsk udstyr. Form\u00e5let er at g\u00f8re det tydeligt for den enkelte klinik, hvordan man opretholder den \u00f8nskede hygiejne. NIR er baseret p\u00e5 over 30 \u00e5rs videnskabelig forskning, internationale erfaringer, guidelines, lovkrav, samt \u201dbest practice\u201d inden for sundhedssektoren.<\/p>\n\n\n\n<h2 class=\"wp-block-heading\"><strong>Own control of sterilisations process<\/strong><\/h2>\n\n\n\n<p>En autoklave eller t\u00f8rsterilisator kr\u00e6ver personalets bev\u00e5genhed for at fungere korrekt. Med faste rutiner for egenkontrol af sterilisationsprocessen, opn\u00e5r man daglig sikkerhed for, at effekten af sterilisationsprocessen fungerer efter hensigten. Nyere autoklaver og t\u00f8rsterilisatorer er forsynet med automatisk overv\u00e5gning, men den eksterne proceskontrol kan stadig anbefales, idet styringer kan fejle og instrumenter kan afvige mht. faktisk opn\u00e5ede m\u00e5len\u00f8jagtighed.<\/p>\n\n\n\n<p>Specific industry recommendation, Denmark only:<\/p>\n\n\n\n<ul class=\"wp-block-list\">\n<li><a href=\"https:\/\/safeint.com\/en_uk\/anbefalinger-til-tandlaeger\/\">Dentists<\/a><\/li>\n\n\n\n<li><a href=\"https:\/\/safeint.com\/en_uk\/anbefalinger-til-almen-praksis\/\" data-type=\"URL\">General practice<\/a><\/li>\n\n\n\n<li><a href=\"http:\/\/safeint.com\/en_uk\/anbefalinger-til-fodterapeuter\/\" data-type=\"URL\" data-id=\"http:\/\/safeint.com\/anbefalinger-til-fodterapeuter\/\">Chiropodists<\/a><\/li>\n\n\n\n<li><a href=\"http:\/\/safeint.com\/en_uk\/anbefalinger-til-dyrlaeger\/\" data-type=\"URL\" data-id=\"http:\/\/safeint.com\/anbefalinger-til-dyrlaeger\/\">Veterinarians<\/a><\/li>\n\n\n\n<li><a href=\"http:\/\/safeint.com\/en_uk\/anbefalinger-til-tatovoerer-fodplejer-og-lignende\/\" data-type=\"URL\" data-id=\"http:\/\/safeint.com\/anbefalinger-til-tatovoerer-fodplejer-og-lignende\/\">Tattoo artists, Podiatrists, and similar industries<\/a><\/li>\n<\/ul>\n\n\n\n<h2 class=\"wp-block-heading\"><strong>References<\/strong><\/h2>\n\n\n\n<p>For more detailed description and how to use the biological and chemical indicators, please refer to our product descriptions and user guides.<\/p>","protected":false},"excerpt":{"rendered":"<p>Forebyg smitterisiko: sterilisation har til form\u00e5l at forebygge smittespredning b\u00e5de hos patienter og personale NIR I Danmark har den centrale enhed for infektionshygiejne udarbejdet Nationale Infektionshygiejniske Retningslinjer, ogs\u00e5 kaldet NIR. Anvisninger er rettet mod sundhedssektoren inklusiv praktiserende l\u00e6ger, tandl\u00e6ger, hjemmesygeplejersker og tilsvarende. Anbefalinger NIR indeholder anbefalinger om procedurer og h\u00e5ndtering af medicinsk udstyr. Form\u00e5let er [&hellip;]<\/p>\n","protected":false},"author":6,"featured_media":472,"parent":0,"menu_order":0,"comment_status":"closed","ping_status":"closed","template":"","meta":{"footnotes":""},"class_list":["post-232","page","type-page","status-publish","has-post-thumbnail","hentry"],"yoast_head":"<!-- This site is optimized with the Yoast SEO plugin v27.4 - https:\/\/yoast.com\/product\/yoast-seo-wordpress\/ -->\n<title>Anbefalinger til sundhedssektoren - Safe Sterilization<\/title>\n<meta name=\"description\" content=\"En autoklave eller t\u00f8rsterilisator kr\u00e6ver personalets bev\u00e5genhed for at fungere korrekt. Det hj\u00e6lper Safe Sterilization gerne med.\" \/>\n<meta name=\"robots\" content=\"index, follow, max-snippet:-1, max-image-preview:large, max-video-preview:-1\" \/>\n<link rel=\"canonical\" href=\"https:\/\/safeint.com\/en_uk\/anbefalinger-til-sundhedssektoren-fra-safe-sterilization\/\" \/>\n<meta property=\"og:locale\" content=\"en_GB\" \/>\n<meta property=\"og:type\" content=\"article\" \/>\n<meta property=\"og:title\" content=\"Anbefalinger til sundhedssektoren - Safe Sterilization\" \/>\n<meta property=\"og:description\" content=\"En autoklave eller t\u00f8rsterilisator kr\u00e6ver personalets bev\u00e5genhed for at fungere korrekt. Det hj\u00e6lper Safe Sterilization gerne med.\" \/>\n<meta property=\"og:url\" content=\"https:\/\/safeint.com\/en_uk\/anbefalinger-til-sundhedssektoren-fra-safe-sterilization\/\" \/>\n<meta property=\"og:site_name\" content=\"Safe Sterilization\" \/>\n<meta property=\"article:modified_time\" content=\"2023-09-11T07:35:03+00:00\" \/>\n<meta property=\"og:image\" content=\"https:\/\/safeint.com\/wp-content\/uploads\/2020\/11\/safe_sundhedssektoren-ny.jpg\" \/>\n\t<meta property=\"og:image:width\" content=\"2560\" \/>\n\t<meta property=\"og:image:height\" content=\"533\" \/>\n\t<meta property=\"og:image:type\" content=\"image\/jpeg\" \/>\n<meta name=\"twitter:card\" content=\"summary_large_image\" \/>\n<meta name=\"twitter:label1\" content=\"Estimated reading time\" \/>\n\t<meta name=\"twitter:data1\" content=\"1 minute\" \/>\n<script type=\"application\/ld+json\" class=\"yoast-schema-graph\">{\"@context\":\"https:\\\/\\\/schema.org\",\"@graph\":[{\"@type\":\"WebPage\",\"@id\":\"https:\\\/\\\/safeint.com\\\/anbefalinger-til-sundhedssektoren-fra-safe-sterilization\\\/\",\"url\":\"https:\\\/\\\/safeint.com\\\/anbefalinger-til-sundhedssektoren-fra-safe-sterilization\\\/\",\"name\":\"Anbefalinger til sundhedssektoren - Safe Sterilization\",\"isPartOf\":{\"@id\":\"http:\\\/\\\/safeint.com\\\/en\\\/#website\"},\"primaryImageOfPage\":{\"@id\":\"https:\\\/\\\/safeint.com\\\/anbefalinger-til-sundhedssektoren-fra-safe-sterilization\\\/#primaryimage\"},\"image\":{\"@id\":\"https:\\\/\\\/safeint.com\\\/anbefalinger-til-sundhedssektoren-fra-safe-sterilization\\\/#primaryimage\"},\"thumbnailUrl\":\"https:\\\/\\\/safeint.com\\\/wp-content\\\/uploads\\\/2020\\\/11\\\/safe_sundhedssektoren-ny.jpg\",\"datePublished\":\"2020-10-18T14:23:13+00:00\",\"dateModified\":\"2023-09-11T07:35:03+00:00\",\"description\":\"En autoklave eller t\u00f8rsterilisator kr\u00e6ver personalets bev\u00e5genhed for at fungere korrekt. Det hj\u00e6lper Safe Sterilization gerne med.\",\"breadcrumb\":{\"@id\":\"https:\\\/\\\/safeint.com\\\/anbefalinger-til-sundhedssektoren-fra-safe-sterilization\\\/#breadcrumb\"},\"inLanguage\":\"en-GB\",\"potentialAction\":[{\"@type\":\"ReadAction\",\"target\":[\"https:\\\/\\\/safeint.com\\\/anbefalinger-til-sundhedssektoren-fra-safe-sterilization\\\/\"]}]},{\"@type\":\"ImageObject\",\"inLanguage\":\"en-GB\",\"@id\":\"https:\\\/\\\/safeint.com\\\/anbefalinger-til-sundhedssektoren-fra-safe-sterilization\\\/#primaryimage\",\"url\":\"https:\\\/\\\/safeint.com\\\/wp-content\\\/uploads\\\/2020\\\/11\\\/safe_sundhedssektoren-ny.jpg\",\"contentUrl\":\"https:\\\/\\\/safeint.com\\\/wp-content\\\/uploads\\\/2020\\\/11\\\/safe_sundhedssektoren-ny.jpg\",\"width\":2560,\"height\":533,\"caption\":\"Kittelkl\u00e6dt sundhedspersonale med stetoskoper (to i hvide kitler, en i bl\u00e5 kittel) 1\"},{\"@type\":\"BreadcrumbList\",\"@id\":\"https:\\\/\\\/safeint.com\\\/anbefalinger-til-sundhedssektoren-fra-safe-sterilization\\\/#breadcrumb\",\"itemListElement\":[{\"@type\":\"ListItem\",\"position\":1,\"name\":\"Hjem\",\"item\":\"https:\\\/\\\/safeint.com\\\/\"},{\"@type\":\"ListItem\",\"position\":2,\"name\":\"Anbefalinger til sundhedssektoren\"}]},{\"@type\":\"WebSite\",\"@id\":\"http:\\\/\\\/safeint.com\\\/en\\\/#website\",\"url\":\"http:\\\/\\\/safeint.com\\\/en\\\/\",\"name\":\"Safe Sterilization\",\"description\":\"Safe Sterilization\",\"potentialAction\":[{\"@type\":\"SearchAction\",\"target\":{\"@type\":\"EntryPoint\",\"urlTemplate\":\"http:\\\/\\\/safeint.com\\\/en\\\/?s={search_term_string}\"},\"query-input\":{\"@type\":\"PropertyValueSpecification\",\"valueRequired\":true,\"valueName\":\"search_term_string\"}}],\"inLanguage\":\"en-GB\"}]}<\/script>\n<!-- \/ Yoast SEO plugin. -->","yoast_head_json":{"title":"Anbefalinger til sundhedssektoren - Safe Sterilization","description":"En autoklave eller t\u00f8rsterilisator kr\u00e6ver personalets bev\u00e5genhed for at fungere korrekt. Det hj\u00e6lper Safe Sterilization gerne med.","robots":{"index":"index","follow":"follow","max-snippet":"max-snippet:-1","max-image-preview":"max-image-preview:large","max-video-preview":"max-video-preview:-1"},"canonical":"https:\/\/safeint.com\/en_uk\/anbefalinger-til-sundhedssektoren-fra-safe-sterilization\/","og_locale":"en_GB","og_type":"article","og_title":"Anbefalinger til sundhedssektoren - Safe Sterilization","og_description":"En autoklave eller t\u00f8rsterilisator kr\u00e6ver personalets bev\u00e5genhed for at fungere korrekt. Det hj\u00e6lper Safe Sterilization gerne med.","og_url":"https:\/\/safeint.com\/en_uk\/anbefalinger-til-sundhedssektoren-fra-safe-sterilization\/","og_site_name":"Safe Sterilization","article_modified_time":"2023-09-11T07:35:03+00:00","og_image":[{"width":2560,"height":533,"url":"https:\/\/safeint.com\/wp-content\/uploads\/2020\/11\/safe_sundhedssektoren-ny.jpg","type":"image\/jpeg"}],"twitter_card":"summary_large_image","twitter_misc":{"Estimated reading time":"1 minute"},"schema":{"@context":"https:\/\/schema.org","@graph":[{"@type":"WebPage","@id":"https:\/\/safeint.com\/anbefalinger-til-sundhedssektoren-fra-safe-sterilization\/","url":"https:\/\/safeint.com\/anbefalinger-til-sundhedssektoren-fra-safe-sterilization\/","name":"Anbefalinger til sundhedssektoren - Safe Sterilization","isPartOf":{"@id":"http:\/\/safeint.com\/en\/#website"},"primaryImageOfPage":{"@id":"https:\/\/safeint.com\/anbefalinger-til-sundhedssektoren-fra-safe-sterilization\/#primaryimage"},"image":{"@id":"https:\/\/safeint.com\/anbefalinger-til-sundhedssektoren-fra-safe-sterilization\/#primaryimage"},"thumbnailUrl":"https:\/\/safeint.com\/wp-content\/uploads\/2020\/11\/safe_sundhedssektoren-ny.jpg","datePublished":"2020-10-18T14:23:13+00:00","dateModified":"2023-09-11T07:35:03+00:00","description":"En autoklave eller t\u00f8rsterilisator kr\u00e6ver personalets bev\u00e5genhed for at fungere korrekt. Det hj\u00e6lper Safe Sterilization gerne med.","breadcrumb":{"@id":"https:\/\/safeint.com\/anbefalinger-til-sundhedssektoren-fra-safe-sterilization\/#breadcrumb"},"inLanguage":"en-GB","potentialAction":[{"@type":"ReadAction","target":["https:\/\/safeint.com\/anbefalinger-til-sundhedssektoren-fra-safe-sterilization\/"]}]},{"@type":"ImageObject","inLanguage":"en-GB","@id":"https:\/\/safeint.com\/anbefalinger-til-sundhedssektoren-fra-safe-sterilization\/#primaryimage","url":"https:\/\/safeint.com\/wp-content\/uploads\/2020\/11\/safe_sundhedssektoren-ny.jpg","contentUrl":"https:\/\/safeint.com\/wp-content\/uploads\/2020\/11\/safe_sundhedssektoren-ny.jpg","width":2560,"height":533,"caption":"Kittelkl\u00e6dt sundhedspersonale med stetoskoper (to i hvide kitler, en i bl\u00e5 kittel) 1"},{"@type":"BreadcrumbList","@id":"https:\/\/safeint.com\/anbefalinger-til-sundhedssektoren-fra-safe-sterilization\/#breadcrumb","itemListElement":[{"@type":"ListItem","position":1,"name":"Hjem","item":"https:\/\/safeint.com\/"},{"@type":"ListItem","position":2,"name":"Anbefalinger til sundhedssektoren"}]},{"@type":"WebSite","@id":"http:\/\/safeint.com\/en\/#website","url":"http:\/\/safeint.com\/en\/","name":"Safe Sterilization","description":"Safe Sterilization","potentialAction":[{"@type":"SearchAction","target":{"@type":"EntryPoint","urlTemplate":"http:\/\/safeint.com\/en\/?s={search_term_string}"},"query-input":{"@type":"PropertyValueSpecification","valueRequired":true,"valueName":"search_term_string"}}],"inLanguage":"en-GB"}]}},"_links":{"self":[{"href":"https:\/\/safeint.com\/en_uk\/wp-json\/wp\/v2\/pages\/232","targetHints":{"allow":["GET"]}}],"collection":[{"href":"https:\/\/safeint.com\/en_uk\/wp-json\/wp\/v2\/pages"}],"about":[{"href":"https:\/\/safeint.com\/en_uk\/wp-json\/wp\/v2\/types\/page"}],"author":[{"embeddable":true,"href":"https:\/\/safeint.com\/en_uk\/wp-json\/wp\/v2\/users\/6"}],"replies":[{"embeddable":true,"href":"https:\/\/safeint.com\/en_uk\/wp-json\/wp\/v2\/comments?post=232"}],"version-history":[{"count":35,"href":"https:\/\/safeint.com\/en_uk\/wp-json\/wp\/v2\/pages\/232\/revisions"}],"predecessor-version":[{"id":991,"href":"https:\/\/safeint.com\/en_uk\/wp-json\/wp\/v2\/pages\/232\/revisions\/991"}],"wp:featuredmedia":[{"embeddable":true,"href":"https:\/\/safeint.com\/en_uk\/wp-json\/wp\/v2\/media\/472"}],"wp:attachment":[{"href":"https:\/\/safeint.com\/en_uk\/wp-json\/wp\/v2\/media?parent=232"}],"curies":[{"name":"wp","href":"https:\/\/api.w.org\/{rel}","templated":true}]}}